{"id":1357,"date":"2023-03-03T11:05:10","date_gmt":"2023-03-03T11:05:10","guid":{"rendered":"https:\/\/ocima.es\/?page_id=1357"},"modified":"2023-03-03T12:51:26","modified_gmt":"2023-03-03T12:51:26","slug":"gestion-y-asesoramiento-laboral","status":"publish","type":"page","link":"https:\/\/ocima.es\/?page_id=1357","title":{"rendered":"GESTI\u00d3N Y ASESORAMIENTO LABORAL"},"content":{"rendered":"\t\t<div data-elementor-type=\"wp-page\" data-elementor-id=\"1357\" class=\"elementor elementor-1357\">\n\t\t\t\t\t\t<section class=\"elementor-section elementor-top-section elementor-element elementor-element-4c879d7 elementor-section-boxed elementor-section-height-default elementor-section-height-default\" data-id=\"4c879d7\" data-element_type=\"section\">\n\t\t\t\t\t\t<div class=\"elementor-container elementor-column-gap-default\">\n\t\t\t\t\t<div class=\"elementor-column elementor-col-100 elementor-top-column elementor-element elementor-element-916e480\" data-id=\"916e480\" data-element_type=\"column\">\n\t\t\t<div class=\"elementor-widget-wrap elementor-element-populated\">\n\t\t\t\t\t\t<div class=\"elementor-element elementor-element-0a1e750 elementor-widget elementor-widget-heading\" data-id=\"0a1e750\" data-element_type=\"widget\" data-widget_type=\"heading.default\">\n\t\t\t\t<div class=\"elementor-widget-container\">\n\t\t\t<h2 class=\"elementor-heading-title elementor-size-default\">GESTI\u00d3N Y ASESORAMIENO LABORAL<\/h2>\t\t<\/div>\n\t\t\t\t<\/div>\n\t\t\t\t\t<\/div>\n\t\t<\/div>\n\t\t\t\t\t<\/div>\n\t\t<\/section>\n\t\t\t\t<section class=\"elementor-section elementor-top-section elementor-element elementor-element-b84ff98 elementor-section-boxed elementor-section-height-default elementor-section-height-default\" data-id=\"b84ff98\" data-element_type=\"section\">\n\t\t\t\t\t\t<div class=\"elementor-container elementor-column-gap-default\">\n\t\t\t\t\t<div class=\"elementor-column elementor-col-100 elementor-top-column elementor-element elementor-element-91f722c\" data-id=\"91f722c\" data-element_type=\"column\">\n\t\t\t<div class=\"elementor-widget-wrap elementor-element-populated\">\n\t\t\t\t\t\t<div class=\"elementor-element elementor-element-0c7bd56 elementor-widget elementor-widget-text-editor\" data-id=\"0c7bd56\" data-element_type=\"widget\" data-widget_type=\"text-editor.default\">\n\t\t\t\t<div class=\"elementor-widget-container\">\n\t\t\t\t\t\t\t<p>Ofrecemos servicios de gesti\u00f3n y asesoramiento laboral en base a la normativa laboral espa\u00f1ola. Desde nuestra asesor\u00eda tratamos de ayudar a empresas y trabajadores a cumplir con sus obligaciones laborales y a solucionar cualquier problema que pueda surgir en este \u00e1mbito. Estamos comprometidos en ofrecer soluciones personalizadas y eficientes a nuestros clientes, con el objetivo de facilitar el cumplimiento de las normas laborales y mejorar el rendimiento de las empresas. En nuestra p\u00e1gina web encontrar\u00e1s informaci\u00f3n detallada sobre nuestros servicios, as\u00ed como recursos y herramientas \u00fatiles para ayudarte a entender mejor el complejo mundo del derecho laboral en Espa\u00f1a.<\/p>\t\t\t\t\t\t<\/div>\n\t\t\t\t<\/div>\n\t\t\t\t\t<\/div>\n\t\t<\/div>\n\t\t\t\t\t<\/div>\n\t\t<\/section>\n\t\t\t\t<section class=\"elementor-section elementor-top-section elementor-element elementor-element-84508d4 elementor-section-boxed elementor-section-height-default elementor-section-height-default\" data-id=\"84508d4\" data-element_type=\"section\">\n\t\t\t\t\t\t<div class=\"elementor-container elementor-column-gap-default\">\n\t\t\t\t\t<div class=\"elementor-column elementor-col-100 elementor-top-column elementor-element elementor-element-6adddd1\" data-id=\"6adddd1\" data-element_type=\"column\">\n\t\t\t<div class=\"elementor-widget-wrap elementor-element-populated\">\n\t\t\t\t\t\t<div class=\"elementor-element elementor-element-4b6cef8 elementor-widget elementor-widget-text-editor\" data-id=\"4b6cef8\" data-element_type=\"widget\" data-widget_type=\"text-editor.default\">\n\t\t\t\t<div class=\"elementor-widget-container\">\n\t\t\t\t\t\t\t<p>A continuaci\u00f3n detallamos los servicios que brindamos en materia laboral:<\/p><ol><li><p><strong>Asesoramiento laboral:<\/strong> Brindar informaci\u00f3n y asesoramiento sobre la legislaci\u00f3n laboral vigente y su aplicaci\u00f3n en las empresas.<\/p><\/li><li><p><strong>Gesti\u00f3n de n\u00f3minas:<\/strong> Realizar la gesti\u00f3n y el c\u00e1lculo de las n\u00f3minas de los trabajadores, incluyendo los seguros sociales correspondientes.<\/p><\/li><li><p><strong>Contrataci\u00f3n laboral:<\/strong> Asesoramiento en la contrataci\u00f3n de personal, redacci\u00f3n y elaboraci\u00f3n de contratos, y cumplimiento de la normativa laboral en la materia.<\/p><\/li><li><p><strong>Prevenci\u00f3n de riesgos laborales:<\/strong> Asesoramiento y gesti\u00f3n en la implementaci\u00f3n de medidas de seguridad y prevenci\u00f3n de riesgos laborales en la empresa.<\/p><\/li><li><p><strong>Inspecciones laborales:<\/strong> Asistencia y representaci\u00f3n ante inspecciones laborales y asesoramiento en la elaboraci\u00f3n de informes y alegaciones.<\/p><\/li><li><p><strong>Despidos y sanciones:<\/strong> Asesoramiento y defensa en procedimientos de despidos y sanciones disciplinarias.<\/p><\/li><li><p><strong>Tramitaci\u00f3n de prestaciones:<\/strong> Asesoramiento y gesti\u00f3n en la tramitaci\u00f3n de prestaciones laborales, como prestaciones por desempleo o bajas laborales.<\/p><\/li><li><p><strong>Reestructuraciones empresariales:<\/strong> Asesoramiento en procesos de reestructuraci\u00f3n empresarial, como fusiones, adquisiciones o cambios organizativos.<\/p><\/li><\/ol>\t\t\t\t\t\t<\/div>\n\t\t\t\t<\/div>\n\t\t\t\t\t<\/div>\n\t\t<\/div>\n\t\t\t\t\t<\/div>\n\t\t<\/section>\n\t\t\t\t<section class=\"elementor-section elementor-top-section elementor-element elementor-element-9ae6d65 elementor-section-boxed elementor-section-height-default elementor-section-height-default\" data-id=\"9ae6d65\" data-element_type=\"section\">\n\t\t\t\t\t\t<div class=\"elementor-container elementor-column-gap-default\">\n\t\t\t\t\t<div class=\"elementor-column elementor-col-100 elementor-top-column elementor-element elementor-element-4f7741d\" data-id=\"4f7741d\" data-element_type=\"column\">\n\t\t\t<div class=\"elementor-widget-wrap elementor-element-populated\">\n\t\t\t\t\t\t<div class=\"elementor-element elementor-element-141833d elementor-widget elementor-widget-copyright\" data-id=\"141833d\" data-element_type=\"widget\" data-widget_type=\"copyright.default\">\n\t\t\t\t<div class=\"elementor-widget-container\">\n\t\t\t\t\t<div class=\"hfe-copyright-wrapper\">\n\t\t\t\t\t\t\t<span>Copyright \u00a9 2026 OCIMA<\/span>\n\t\t\t\t\t<\/div>\n\t\t\t\t<\/div>\n\t\t\t\t<\/div>\n\t\t\t\t\t<\/div>\n\t\t<\/div>\n\t\t\t\t\t<\/div>\n\t\t<\/section>\n\t\t\t\t<\/div>\n\t\t","protected":false},"excerpt":{"rendered":"<p>GESTI\u00d3N Y ASESORAMIENO LABORAL Ofrecemos servicios de gesti\u00f3n y asesoramiento laboral en base a la normativa laboral espa\u00f1ola. Desde nuestra asesor\u00eda tratamos de ayudar a empresas y trabajadores a cumplir con sus obligaciones laborales y a solucionar cualquier problema que pueda surgir en este \u00e1mbito. Estamos comprometidos en ofrecer soluciones personalizadas y eficientes a nuestros [&hellip;]<\/p>\n","protected":false},"author":2,"featured_media":0,"parent":0,"menu_order":0,"comment_status":"closed","ping_status":"closed","template":"","meta":{"site-sidebar-layout":"no-sidebar","site-content-layout":"page-builder","ast-site-content-layout":"default","site-content-style":"default","site-sidebar-style":"default","ast-global-header-display":"","ast-banner-title-visibility":"","ast-main-header-display":"","ast-hfb-above-header-display":"","ast-hfb-below-header-display":"","ast-hfb-mobile-header-display":"","site-post-title":"disabled","ast-breadcrumbs-content":"","ast-featured-img":"disabled","footer-sml-layout":"","ast-disable-related-posts":"","theme-transparent-header-meta":"","adv-header-id-meta":"","stick-header-meta":"","header-above-stick-meta":"","header-main-stick-meta":"","header-below-stick-meta":"","astra-migrate-meta-layouts":"default","ast-page-background-enabled":"default","ast-page-background-meta":{"desktop":{"background-color":"","background-image":"","background-repeat":"repeat","background-position":"center center","background-size":"auto","background-attachment":"scroll","background-type":"","background-media":"","overlay-type":"","overlay-color":"","overlay-opacity":"","overlay-gradient":""},"tablet":{"background-color":"","background-image":"","background-repeat":"repeat","background-position":"center center","background-size":"auto","background-attachment":"scroll","background-type":"","background-media":"","overlay-type":"","overlay-color":"","overlay-opacity":"","overlay-gradient":""},"mobile":{"background-color":"","background-image":"","background-repeat":"repeat","background-position":"center center","background-size":"auto","background-attachment":"scroll","background-type":"","background-media":"","overlay-type":"","overlay-color":"","overlay-opacity":"","overlay-gradient":""}},"ast-content-background-meta":{"desktop":{"background-color":"var(--ast-global-color-5)","background-image":"","background-repeat":"repeat","background-position":"center center","background-size":"auto","background-attachment":"scroll","background-type":"","background-media":"","overlay-type":"","overlay-color":"","overlay-opacity":"","overlay-gradient":""},"tablet":{"background-color":"var(--ast-global-color-5)","background-image":"","background-repeat":"repeat","background-position":"center center","background-size":"auto","background-attachment":"scroll","background-type":"","background-media":"","overlay-type":"","overlay-color":"","overlay-opacity":"","overlay-gradient":""},"mobile":{"background-color":"var(--ast-global-color-5)","background-image":"","background-repeat":"repeat","background-position":"center center","background-size":"auto","background-attachment":"scroll","background-type":"","background-media":"","overlay-type":"","overlay-color":"","overlay-opacity":"","overlay-gradient":""}}},"jetpack_sharing_enabled":true,"_links":{"self":[{"href":"https:\/\/ocima.es\/index.php?rest_route=\/wp\/v2\/pages\/1357"}],"collection":[{"href":"https:\/\/ocima.es\/index.php?rest_route=\/wp\/v2\/pages"}],"about":[{"href":"https:\/\/ocima.es\/index.php?rest_route=\/wp\/v2\/types\/page"}],"author":[{"embeddable":true,"href":"https:\/\/ocima.es\/index.php?rest_route=\/wp\/v2\/users\/2"}],"replies":[{"embeddable":true,"href":"https:\/\/ocima.es\/index.php?rest_route=%2Fwp%2Fv2%2Fcomments&post=1357"}],"version-history":[{"count":20,"href":"https:\/\/ocima.es\/index.php?rest_route=\/wp\/v2\/pages\/1357\/revisions"}],"predecessor-version":[{"id":1401,"href":"https:\/\/ocima.es\/index.php?rest_route=\/wp\/v2\/pages\/1357\/revisions\/1401"}],"wp:attachment":[{"href":"https:\/\/ocima.es\/index.php?rest_route=%2Fwp%2Fv2%2Fmedia&parent=1357"}],"curies":[{"name":"wp","href":"https:\/\/api.w.org\/{rel}","templated":true}]}}