{"id":1124,"date":"2021-11-02T15:28:17","date_gmt":"2021-11-02T15:28:17","guid":{"rendered":"https:\/\/www.ocima.es\/?page_id=1124"},"modified":"2021-11-02T15:39:08","modified_gmt":"2021-11-02T15:39:08","slug":"politica-de-cookies","status":"publish","type":"page","link":"https:\/\/ocima.es\/?page_id=1124","title":{"rendered":"Pol\u00edtica de Cookies"},"content":{"rendered":"\t\t<div data-elementor-type=\"wp-page\" data-elementor-id=\"1124\" class=\"elementor elementor-1124\">\n\t\t\t\t\t\t<section class=\"elementor-section elementor-top-section elementor-element elementor-element-8a8c9fa elementor-section-stretched elementor-section-boxed elementor-section-height-default elementor-section-height-default\" data-id=\"8a8c9fa\" data-element_type=\"section\" data-settings=\"{&quot;stretch_section&quot;:&quot;section-stretched&quot;}\">\n\t\t\t\t\t\t<div class=\"elementor-container elementor-column-gap-default\">\n\t\t\t\t\t<div class=\"elementor-column elementor-col-100 elementor-top-column elementor-element elementor-element-cb5f519\" data-id=\"cb5f519\" data-element_type=\"column\">\n\t\t\t<div class=\"elementor-widget-wrap elementor-element-populated\">\n\t\t\t\t\t\t<div class=\"elementor-element elementor-element-1f40927e elementor-widget elementor-widget-text-editor\" data-id=\"1f40927e\" data-element_type=\"widget\" data-widget_type=\"text-editor.default\">\n\t\t\t\t<div class=\"elementor-widget-container\">\n\t\t\t\t\t\t\t<h2>\u00bfQu\u00e9 son las cookies?<\/h2>\n<p>Las cookies constituyen una herramienta empleada por los servidores web para almacenar y recuperar informaci\u00f3n acerca de sus visitantes relativa a su actividad y preferencias para recordarlas a su regreso y poder ofrecerle as\u00ed un mejor servicio a trav\u00e9s del sitio web.<\/p>\n<p>Asesor\u00eda Mercedes Herreros Carpintero, por cuenta de \u00e9sta o de un tercero contratado para la prestaci\u00f3n de servicios de medici\u00f3n, pueden utilizar cookies cuando un Usuario navega por los sitios y p\u00e1ginas de la Asesor\u00eda. Las cookies son ficheros enviados a un navegador por medio de un servidor web para registrar las actividades del Usuario en el sitio web.<\/p>\n<p>Las cookies son esenciales para el funcionamiento de Internet; no pueden da\u00f1ar el equipo\/dispositivo del usuario y, si se encuentran activadas en la configuraci\u00f3n del navegador, nos ayudan a identificar y resolver posibles errores de funcionamiento del website, que las utiliza para su correcto funcionamiento y que permiten conocer la actividad realizada por los usuarios durante su navegaci\u00f3n.<\/p>\n<p>Ninguna de las cookies instaladas en la WebSite de Asesor\u00eda Mercedes Herreros Carpintero puede extraer informaci\u00f3n de un disco duro o robar informaci\u00f3n personal.<\/p>\n<h2>\u00bfQu\u00e9 cookies utiliza Asesor\u00eda Mercedes Herreros Carpinteros?<\/h2>\n<p>La aplicaci\u00f3n que utilizamos para obtener y analizar la informaci\u00f3n de la navegaci\u00f3n es Google Analytics: http:\/\/www.google.com\/analytics\/ y https:\/\/www.google.com\/intl\/es\/policies\/<\/p>\n<p>La aplicaci\u00f3n que utilizamos para publicar anuncios y realizar un seguimiento de los resultados es Google Adwords: https:\/\/www.google.com\/settings\/ads <span style=\"font-size: inherit; text-align: inherit;\">hl=es&amp;sig=ACi0TCi_OEDCquraSOQqPIe92dPpYfIt0w2vJOn_KMejCbQ15PH4PSuQJZ1yk8bXaGOFPA8a9zpp8cQbfvYdIfPdtC_JHP6ECoMVN3PNEgvUZg_eU-6VqX-kqG6NNmJ-GGNqMCGCZWb1OxHsnRAtqTPaVlxE7pygh8ysgPvGgsaBl0NoX0vg5YkxufGGgRcqrIUWYip67Iqu<\/span><\/p>\n<p>Estas aplicaciones han sido desarrolladas por Google, que nos presta el servicio de an\u00e1lisis de la audiencia de nuestra p\u00e1gina. Esta empresa puede utilizar estos datos para mejorar sus propios servicios y para ofrecer servicios a otras empresas.<\/p>\n<p>Puedes conocer esos otros usos desde los enlaces indicados.<\/p>\n<p>Gracias a las cookies, resulta posible que el servidor de Asesor\u00eda Mercedes Herreros Carpintero, o del tercero que act\u00fae en su nombre, reconozca el navegador del ordenador utilizado por el Usuario con la finalidad de que la navegaci\u00f3n sea m\u00e1s sencilla, permitiendo, por ejemplo, el acceso a los Usuarios que se hayan registrado previamente, acceder a las \u00e1reas, servicios, promociones o concursos reservados exclusivamente a ellos sin tener que registrarse en cada visita.<\/p>\n<p>Cuando el Usuario permita su recepci\u00f3n, podr\u00e1 conocer el servidor que utiliza las cookies, para lo cual deber\u00e1 consultar las instrucciones de uso de tu navegador. El Usuario tiene la posibilidad de configurar su navegador para ser avisado en pantalla de la recepci\u00f3n de cookies y para impedir su instalaci\u00f3n en tu disco duro. Por favor, consulte las instrucciones y manuales de tu navegador para ampliar esta informaci\u00f3n. Sin perjuicio de que el Usuario es responsable de la configuraci\u00f3n de tu navegador, puede encontrar m\u00e1s informaci\u00f3n en los siguientes enlaces:<\/p>\n<p>Si tu navegador es Firefox: https:\/\/support.mozilla.org\/es\/kb\/habilitar-y-deshabilitar-cookies-sitios-web-rastrear-preferencias<br \/>Si tu navegador es Chrome: http:\/\/support.google.com\/chrome\/bin\/answer.py?hl=es&amp;answer=95647<br \/>Si tu navegador es Explorer: http:\/\/windows.microsoft.com\/es\/windows7\/how-to-manage-cookies-in-internet-explorer-9<br \/>Si tu navegador es Safari: http:\/\/support.apple.com\/kb\/ph5042<br \/>Si tu navegador es Opera: http:\/\/help.opera.com\/Windows\/12.00\/es-ES\/cookies.html<\/p>\n<p>Para utilizar la p\u00e1gina web de Asesoria Mercedes Herreros Carpintero, no resulta necesario que el Usuario permita la instalaci\u00f3n de las cookies enviadas por Escuela Montemar, o el tercero que act\u00fae en tu nombre, sin perjuicio de que sea necesario que el Usuario inicie una sesi\u00f3n como tal en cada uno de los servicios cuya prestaci\u00f3n requiera el previo registro o login.<\/p>\n<p>Escuela Montemar, en cumplimiento de la normativa legal, solicita el consentimiento del usuario para utilizar las cookies anteriormente indicadas; en caso contrario no ser\u00e1 posible la correcta utilizaci\u00f3n del sitio web.<\/p>\t\t\t\t\t\t<\/div>\n\t\t\t\t<\/div>\n\t\t\t\t\t<\/div>\n\t\t<\/div>\n\t\t\t\t\t<\/div>\n\t\t<\/section>\n\t\t\t\t<\/div>\n\t\t","protected":false},"excerpt":{"rendered":"<p>\u00bfQu\u00e9 son las cookies? Las cookies constituyen una herramienta empleada por los servidores web para almacenar y recuperar informaci\u00f3n acerca de sus visitantes relativa a su actividad y preferencias para recordarlas a su regreso y poder ofrecerle as\u00ed un mejor servicio a trav\u00e9s del sitio web. Asesor\u00eda Mercedes Herreros Carpintero, por cuenta de \u00e9sta o [&hellip;]<\/p>\n","protected":false},"author":2,"featured_media":0,"parent":0,"menu_order":0,"comment_status":"closed","ping_status":"closed","template":"","meta":{"site-sidebar-layout":"default","site-content-layout":"default","ast-site-content-layout":"default","site-content-style":"default","site-sidebar-style":"default","ast-global-header-display":"","ast-banner-title-visibility":"","ast-main-header-display":"","ast-hfb-above-header-display":"","ast-hfb-below-header-display":"","ast-hfb-mobile-header-display":"","site-post-title":"","ast-breadcrumbs-content":"","ast-featured-img":"","footer-sml-layout":"","ast-disable-related-posts":"","theme-transparent-header-meta":"default","adv-header-id-meta":"","stick-header-meta":"","header-above-stick-meta":"","header-main-stick-meta":"","header-below-stick-meta":"","astra-migrate-meta-layouts":"default","ast-page-background-enabled":"default","ast-page-background-meta":{"desktop":{"background-color":"","background-image":"","background-repeat":"repeat","background-position":"center center","background-size":"auto","background-attachment":"scroll","background-type":"","background-media":"","overlay-type":"","overlay-color":"","overlay-opacity":"","overlay-gradient":""},"tablet":{"background-color":"","background-image":"","background-repeat":"repeat","background-position":"center center","background-size":"auto","background-attachment":"scroll","background-type":"","background-media":"","overlay-type":"","overlay-color":"","overlay-opacity":"","overlay-gradient":""},"mobile":{"background-color":"","background-image":"","background-repeat":"repeat","background-position":"center center","background-size":"auto","background-attachment":"scroll","background-type":"","background-media":"","overlay-type":"","overlay-color":"","overlay-opacity":"","overlay-gradient":""}},"ast-content-background-meta":{"desktop":{"background-color":"var(--ast-global-color-5)","background-image":"","background-repeat":"repeat","background-position":"center center","background-size":"auto","background-attachment":"scroll","background-type":"","background-media":"","overlay-type":"","overlay-color":"","overlay-opacity":"","overlay-gradient":""},"tablet":{"background-color":"var(--ast-global-color-5)","background-image":"","background-repeat":"repeat","background-position":"center center","background-size":"auto","background-attachment":"scroll","background-type":"","background-media":"","overlay-type":"","overlay-color":"","overlay-opacity":"","overlay-gradient":""},"mobile":{"background-color":"var(--ast-global-color-5)","background-image":"","background-repeat":"repeat","background-position":"center center","background-size":"auto","background-attachment":"scroll","background-type":"","background-media":"","overlay-type":"","overlay-color":"","overlay-opacity":"","overlay-gradient":""}}},"jetpack_sharing_enabled":true,"_links":{"self":[{"href":"https:\/\/ocima.es\/index.php?rest_route=\/wp\/v2\/pages\/1124"}],"collection":[{"href":"https:\/\/ocima.es\/index.php?rest_route=\/wp\/v2\/pages"}],"about":[{"href":"https:\/\/ocima.es\/index.php?rest_route=\/wp\/v2\/types\/page"}],"author":[{"embeddable":true,"href":"https:\/\/ocima.es\/index.php?rest_route=\/wp\/v2\/users\/2"}],"replies":[{"embeddable":true,"href":"https:\/\/ocima.es\/index.php?rest_route=%2Fwp%2Fv2%2Fcomments&post=1124"}],"version-history":[{"count":4,"href":"https:\/\/ocima.es\/index.php?rest_route=\/wp\/v2\/pages\/1124\/revisions"}],"predecessor-version":[{"id":1129,"href":"https:\/\/ocima.es\/index.php?rest_route=\/wp\/v2\/pages\/1124\/revisions\/1129"}],"wp:attachment":[{"href":"https:\/\/ocima.es\/index.php?rest_route=%2Fwp%2Fv2%2Fmedia&parent=1124"}],"curies":[{"name":"wp","href":"https:\/\/api.w.org\/{rel}","templated":true}]}}